  {"id":285,"date":"2017-01-05T10:17:15","date_gmt":"2017-01-05T03:17:15","guid":{"rendered":"http:\/\/localhost\/vietmywood\/?page_id=285"},"modified":"2025-10-11T20:09:51","modified_gmt":"2025-10-11T13:09:51","slug":"gioi-thieu","status":"publish","type":"page","link":"\/?page_id=285","title":{"rendered":"Gi\u1edbi Thi\u1ec7u"},"content":{"rendered":"<p>C\u00d4NG TY TNHH G\u1ed6 VI\u1ec6T M\u1ef8 xin tr\u00e2n tr\u1ecdng c\u1ea3m \u01a1n s\u1ef1 quan t\u00e2m v\u00e0 h\u1ee3p t\u00e1c c\u1ee7a Qu\u00fd kh\u00e1ch h\u00e0ng \u0111\u1ed1i v\u1edbi c\u00e1c s\u1ea3n s\u1ea3n ph\u1ea9m g\u1ed7 c\u1ee7a c\u00f4ng ty ch\u00fang t\u00f4i.<\/p>\n<p>\u0110\u01b0\u1ee3c ra \u0111\u1eddi trong b\u1ed1i c\u1ea3nh n\u1ec1n kinh t\u1ebf trong n\u01b0\u1edbc v\u00e0 th\u1ebf gi\u1edbi c\u00f3 nhi\u1ec1u bi\u1ebfn \u0111\u1ed9ng kh\u00f3 l\u01b0\u1eddng, kh\u1ee7ng ho\u1ea3ng n\u1ee3 c\u00f4ng, gi\u1ea3m ph\u00e1t, r\u1ed3i \u0111\u1ebfn l\u1ea1m ph\u00e1t,&#8230; C\u00d4NG TY TNHH <a href=\"http:\/\/localhost\/vietmywood\/\">G\u1ed6 VI\u1ec6T M\u1ef8<\/a> \u0111\u01b0\u1ee3c ra \u0111\u1eddi trong giai \u0111o\u1ea1n kh\u00f3 kh\u0103n nh\u1ea5t v\u1edbi m\u1ee5c ti\u00eau \u0111\u00f3ng g\u00f3p m\u1ed9t ph\u1ea7n s\u1ee9c l\u1ef1c v\u00e0o s\u1ef1 nghi\u1ec7p ph\u00e1t tri\u1ec3n chung c\u1ee7a ng\u00e0nh g\u1ed7 Vi\u1ec7t Nam, v\u1edbi t\u00e2m huy\u1ebft mang \u0111\u1ebfn cho c\u00e1c doanh nghi\u1ec7p ng\u00e0nh ch\u1ebf bi\u1ebfn g\u1ed7 ngu\u1ed3n nguy\u00ean li\u1ec7u g\u1ed7 d\u1ed3i d\u00e0o, \u1ed5n \u0111\u1ecbnh, l\u00e2u d\u00e0i v\u1edbi gi\u00e1 c\u1ea3 c\u1ea1nh tranh nh\u1ea5t, \u0111\u00fang ch\u1ea5t l\u01b0\u1ee3ng v\u00e0 mong mu\u1ed1n tr\u1edf th\u00e0nh nh\u00e0 cung c\u1ea5p g\u1ed7 nguy\u00ean li\u1ec7u h\u00e0ng \u0111\u1ea7u, chuy\u00ean nghi\u1ec7p v\u00e0\u00a0uy t\u00edn t\u1ea1i Vi\u1ec7t Nam v\u1edbi ngu\u1ed3n g\u1ed7 \u0111\u01b0\u1ee3c nh\u1eadp kh\u1ea9u t\u1eeb c\u00e1c c\u00e1c nh\u00e0 cung c\u1ea5p h\u00e0ng \u0111\u00e0u t\u1ea1i c\u00e1c n\u01b0\u1edbc s\u1edf t\u1ea1i, \u0111\u00e1ng tin c\u1eady \u0111\u1ebfn t\u1eeb\u00a0 M\u1ef9 v\u00e0 Ch\u00e2u \u00c2u. S\u1ef1 \u0111a d\u1ea1ng v\u1ec1 ch\u1ee7ng lo\u1ea1i, k\u00edch c\u1ee1 v\u00e0 ph\u1ea9m c\u1ea5p c\u1ee7a c\u00e1c lo\u1ea1i g\u1ed7 c\u1ee9ng nguy\u00ean li\u1ec7u nh\u1eadp kh\u1ea9u m\u00e0 cong ty ch\u00fang t\u00f4i mang \u0111\u1ec5n th\u1ecb tr\u01b0\u1eddng \u0111\u1ea3m b\u1ea3o cho s\u1ef1 \u1ed5n \u0111\u1ecbnh v\u00e0 h\u00e0i l\u00f2ng c\u1ee7a t\u1ea5t c\u1ea3 c\u00e1c doanh nghi\u1ec7p s\u1ea3n xu\u1ea5t v\u00e0 ch\u1ebf bi\u1ebfn g\u1ed7 trong n\u01b0\u1edbc v\u00e0 xu\u1ea5t kh\u1ea9u.<\/p>\n<p>Ngay t\u1eeb ban \u0111\u1ea7u, c\u00f4ng ty ch\u00fang t\u00f4i \u0111\u00e3 \u0111\u1eb7t ra ph\u01b0\u01a1ng ch\u00e2m \u201c S\u1ef1 h\u00e0i l\u00f2ng c\u1ee7a kh\u00e1ch h\u00e0ng l\u00e0 s\u1ef1 th\u00e0nh c\u00f4ng c\u1ee7a c\u00f4ng ty ch\u00fang t\u00f4i\u201d. V\u00e0 \u0111\u1ebfn nay, m\u1ed7i th\u00e0nh vi\u00ean c\u1ee7a c\u00f4ng ty \u0111\u1ec1u \u0111\u00e3, \u0111ang v\u00e0 s\u1ebd n\u1ed5 l\u1ef1c h\u1ebft m\u00ecnh \u0111\u1ec3 ng\u00e0y c\u00e0ng c\u00f3 th\u1ec3 ph\u1ee5c v\u1ee5 qu\u00fd kh\u00e1ch h\u00e0ng ng\u00e0y c\u00e0ng t\u1ed1t h\u01a1n.<\/p>\n<p>Hi\u1ec7n t\u1ea1i, C\u00e1c lo\u1ea1i g\u1ed7 m\u00e0 ch\u00fang t\u00f4i hi\u1ec7n \u0111ang cung c\u1ea5p ra th\u1ecb tr\u01b0\u1eddng bao g\u1ed3m: G\u1ed7 tr\u00f2n (Logs), G\u1ed7 x\u1ebb s\u1ea5y (Lumber) nh\u01b0: G\u1ed7 s\u1ed3i tr\u1eafng M\u1ef9, G\u1ed7 s\u1ed3i tr\u1eafng Ch\u00e2u \u00c2u (White oak) , G\u1ed7 s\u1ed3i \u0111\u1ecf (Red oak), G\u1ed7T\u1ea7n b\u00ec (Ash), G\u1ed7 \u00f3c ch\u00f3 (Walnut), G\u1ed7 D\u1ebb gai (Beech), G\u1ed7 tr\u0103n (Alder), G\u1ed7 Anh \u0111\u00e0o (Cherry), G\u1ed7 th\u00edch c\u1ee9ng (Hard Maple), G\u1ed7 th\u00edch m\u1ec1m (Soft maple), G\u1ed7 B\u1ea1ch d\u01b0\u01a1ng (Poplar), G\u1ed7 Gi\u00e1 t\u1ef5 (Teak), G\u1ed7 D\u00e1i ng\u1ef1a (Mahogany\/ Red Wood), c\u00e1c lo\u1ea1i g\u1ed7 th\u00f4ng v\u00e0ng, th\u00f4ng tr\u1eafng nh\u1eadp kh\u1ea9u t\u1eeb Newzealand, Chile, M\u1ef9, Canada; g\u1ed7 c\u0103m xe, g\u1ed7 xoan \u0111\u00e0o, g\u1ed7 ch\u00e2u phi, G\u1ed7 doussi, g\u1ed7 tali, G\u1ed7 cao su, G\u1ed7 tr\u00e0m (keo),&#8230;<\/p>\n<p>V\u1edbi nh\u1eefng ngu\u1ed3n l\u1ef1c hi\u1ec7n c\u00f3, ch\u00fang t\u00f4i tin r\u1eb1ng s\u1ebd \u0111\u00e1p \u1ee9ng \u0111\u01b0\u1ee3c nhu c\u1ea7u v\u1ec1 ch\u1ea5t l\u01b0\u1ee3ng s\u1ea3n ph\u1ea9m, \u0111\u00e1p \u1ee9ng \u0111\u01b0\u1ee3c nhu c\u1ea7u s\u1ea3n xu\u1ea5t c\u1ee7a qu\u00fd c\u00f4ng ty \u0111\u01b0\u1ee3c \u1ed5n \u0111\u1ecbnh \u1edf th\u1eddi \u0111i\u1ec3m hi\u1ec7n t\u1ea1i v\u00e0 l\u00e2u l\u00e2u d\u00e0i trong t\u01b0\u01a1ng lai.<\/p>\n<p>V\u1edbi t\u1ea5t c\u1ea3 s\u1ef1 nhi\u1ec7t huy\u1ebft, ch\u00e2n th\u00e0nh c\u00f9ng v\u1edbi s\u1ef1 h\u00e0i l\u00f2ng c\u1ee7a qu\u00fd doanh nghi\u1ec7p, ch\u00fang t\u00f4i r\u1ea5t mong nh\u1eadn \u0111\u01b0\u1ee3c s\u1ef1 h\u1ee3p t\u00e1c v\u00e0 ph\u00e1t tri\u1ec3n c\u00f9ng qu\u00fd c\u00f4ng ty \u1edf th\u1eddi \u0111i\u1ec3m hi\u1ec7n t\u1ea1i v\u00e0 l\u00e2u b\u1ec1n trong t\u01b0\u01a1ng lai.<\/p>\n<p>M\u1ecdi th\u00f4ng tin v\u1ec1 ch\u1ea5t l\u01b0\u1ee3ng, gi\u00e1 c\u1ea3 c\u0169ng nh\u01b0 s\u1ed1 l\u01b0\u1ee3ng, Qu\u00fd kh\u00e1ch h\u00e0ng vui l\u00f2ng li\u00ean h\u1ec7 tr\u1ef1c ti\u1ebfp t\u1edbi ch\u00fang t\u00f4i m\u1ed9t trong c\u00e1c c\u00e1ch sau:<\/p>\n<p>Hotline : 0947 279 339 &#8211; Mr. Li\u1ec1n ho\u1eb7c 090 1969 002 &#8211; Mr.Th\u00f4ng<\/p>\n<p>Email : <a href=\"mailto:vietmy.wood@gmail.com\">vietmy.wood@gmail.com<\/a> &#8211;<\/p>\n<p>Website:\u00a0<a href=\"http:\/\/localhost\/vietmywood\/\">vietmywood.com\/ govietmy.com<\/a><\/p>\n","protected":false},"excerpt":{"rendered":"<p>C\u00d4NG TY TNHH G\u1ed6 VI\u1ec6T M\u1ef8 xin tr\u00e2n tr\u1ecdng c\u1ea3m \u01a1n s\u1ef1 quan t\u00e2m v\u00e0 h\u1ee3p t\u00e1c c\u1ee7a Qu\u00fd kh\u00e1ch h\u00e0ng \u0111\u1ed1i v\u1edbi c\u00e1c s\u1ea3n s\u1ea3n ph\u1ea9m g\u1ed7 c\u1ee7a c\u00f4ng ty ch\u00fang t\u00f4i. \u0110\u01b0\u1ee3c ra \u0111\u1eddi trong b\u1ed1i c\u1ea3nh n\u1ec1n kinh t\u1ebf trong n\u01b0\u1edbc v\u00e0 th\u1ebf gi\u1edbi c\u00f3 nhi\u1ec1u bi\u1ebfn \u0111\u1ed9ng kh\u00f3 l\u01b0\u1eddng, kh\u1ee7ng ho\u1ea3ng n\u1ee3 c\u00f4ng, gi\u1ea3m ph\u00e1t, r\u1ed3i \u0111\u1ebfn l\u1ea1m ph\u00e1t,&#8230; C\u00d4NG TY TNHH G\u1ed6 VI\u1ec6T M\u1ef8 \u0111\u01b0\u1ee3c ra \u0111\u1eddi trong giai \u0111o\u1ea1n kh\u00f3 kh\u0103n nh\u1ea5t v\u1edbi m\u1ee5c ti\u00eau \u0111\u00f3ng g\u00f3p m\u1ed9t ph\u1ea7n s\u1ee9c l\u1ef1c v\u00e0o s\u1ef1 nghi\u1ec7p ph\u00e1t tri\u1ec3n chung c\u1ee7a ng\u00e0nh g\u1ed7 Vi\u1ec7t Nam, v\u1edbi t\u00e2m <\/p>\n","protected":false},"author":5,"featured_media":0,"parent":0,"menu_order":0,"comment_status":"closed","ping_status":"closed","template":"","meta":{"footnotes":""},"_links":{"self":[{"href":"\/index.php?rest_route=\/wp\/v2\/pages\/285"}],"collection":[{"href":"\/index.php?rest_route=\/wp\/v2\/pages"}],"about":[{"href":"\/index.php?rest_route=\/wp\/v2\/types\/page"}],"author":[{"embeddable":true,"href":"\/index.php?rest_route=\/wp\/v2\/users\/5"}],"replies":[{"embeddable":true,"href":"\/index.php?rest_route=%2Fwp%2Fv2%2Fcomments&post=285"}],"version-history":[{"count":3,"href":"\/index.php?rest_route=\/wp\/v2\/pages\/285\/revisions"}],"predecessor-version":[{"id":1091,"href":"\/index.php?rest_route=\/wp\/v2\/pages\/285\/revisions\/1091"}],"wp:attachment":[{"href":"\/index.php?rest_route=%2Fwp%2Fv2%2Fmedia&parent=285"}],"curies":[{"name":"wp","href":"https:\/\/api.w.org\/{rel}","templated":true}]}}