  {"id":289,"date":"2017-01-05T10:37:15","date_gmt":"2017-01-05T03:37:15","guid":{"rendered":"http:\/\/localhost\/vietmywood\/?page_id=289"},"modified":"2025-10-11T20:07:57","modified_gmt":"2025-10-11T13:07:57","slug":"lien-he","status":"publish","type":"page","link":"\/?page_id=289","title":{"rendered":"Li\u00ean H\u1ec7"},"content":{"rendered":"<p><em><strong>C\u00d4NG TY TNHH G\u1ed6 VI\u1ec6T M\u1ef8<\/strong><\/em><\/p>\n<p><em><strong>\u0110\u1ecba ch\u1ec9: 280\/24\/16\/1 \u0111\u01b0\u1eddng TX 25, ph\u01b0\u1eddng Th\u1ea1nh Xu\u00e2n, Qu\u1eadn 12, Tp. HCM.<\/strong><\/em><\/p>\n<p><em><strong>Kho: DH409 t\u1ed5 3, KP. B\u00e0 Tri, P.T\u00e2n Hi\u1ec7p, TP T\u00e2n Uy\u00ean, B\u00ecnh D\u01b0\u01a1ng.<\/strong><\/em><br \/>\n<iframe loading=\"lazy\" style=\"border: 0;\" src=\"https:\/\/www.google.com\/maps\/embed?pb=!1m18!1m12!1m3!1d10160.527656324804!2d106.7083875560686!3d10.931693079081017!2m3!1f0!2f0!3f0!3m2!1i1024!2i768!4f13.1!3m3!1m2!1s0x3174d82d45ff1f4d%3A0x4df73fe4f4896133!2zVmnDqsyjdCBNecyDIFdvb2Q!5e0!3m2!1sen!2s!4v1520155270453\" width=\"600\" height=\"450\" frameborder=\"0\" allowfullscreen=\"allowfullscreen\"><\/iframe><br \/>\n<em><strong>MST: 0313458768<\/strong><\/em><\/p>\n<p><em><strong>\u0110i\u1ec7n tho\u1ea1i: 090 1969 002 &#8211; (Mr.Th\u00f4ng)<\/strong><\/em><\/p>\n<p><em><strong>Email: vietmy.wood@gmail.com<a href=\"mailto:vietmy.wood@gmail.com\"><br \/>\n<\/a><\/strong><\/em><\/p>\n<p><em><strong>Hotline: 0947 279 339 &#8211; Mr.Li\u1ec1n\u00a0 090 1969 002 &#8211; Mr.Th\u00f4ng<\/strong><\/em><\/p>\n","protected":false},"excerpt":{"rendered":"<p>C\u00d4NG TY TNHH G\u1ed6 VI\u1ec6T M\u1ef8 \u0110\u1ecba ch\u1ec9: 280\/24\/16\/1 \u0111\u01b0\u1eddng TX 25, ph\u01b0\u1eddng Th\u1ea1nh Xu\u00e2n, Qu\u1eadn 12, Tp. HCM. Kho: DH409 t\u1ed5 3, KP. B\u00e0 Tri, P.T\u00e2n Hi\u1ec7p, TP T\u00e2n Uy\u00ean, B\u00ecnh D\u01b0\u01a1ng. MST: 0313458768 \u0110i\u1ec7n tho\u1ea1i: 090 1969 002 &#8211; (Mr.Th\u00f4ng) Email: vietmy.wood@gmail.com Hotline: 0947 279 339 &#8211; Mr.Li\u1ec1n\u00a0 090 1969 002 &#8211; Mr.Th\u00f4ng<\/p>\n","protected":false},"author":5,"featured_media":0,"parent":0,"menu_order":0,"comment_status":"closed","ping_status":"closed","template":"","meta":{"footnotes":""},"_links":{"self":[{"href":"\/index.php?rest_route=\/wp\/v2\/pages\/289"}],"collection":[{"href":"\/index.php?rest_route=\/wp\/v2\/pages"}],"about":[{"href":"\/index.php?rest_route=\/wp\/v2\/types\/page"}],"author":[{"embeddable":true,"href":"\/index.php?rest_route=\/wp\/v2\/users\/5"}],"replies":[{"embeddable":true,"href":"\/index.php?rest_route=%2Fwp%2Fv2%2Fcomments&post=289"}],"version-history":[{"count":10,"href":"\/index.php?rest_route=\/wp\/v2\/pages\/289\/revisions"}],"predecessor-version":[{"id":1090,"href":"\/index.php?rest_route=\/wp\/v2\/pages\/289\/revisions\/1090"}],"wp:attachment":[{"href":"\/index.php?rest_route=%2Fwp%2Fv2%2Fmedia&parent=289"}],"curies":[{"name":"wp","href":"https:\/\/api.w.org\/{rel}","templated":true}]}}