  {"id":1062,"date":"2025-03-14T15:19:53","date_gmt":"2025-03-14T08:19:53","guid":{"rendered":"\/?post_type=product&#038;p=1062"},"modified":"2025-03-14T15:19:56","modified_gmt":"2025-03-14T08:19:56","slug":"go-doc-can-hemlock","status":"publish","type":"product","link":"\/?product=go-doc-can-hemlock","title":{"rendered":"G\u1ed6 \u0110\u1ed8C C\u1ea6N (HEMLOCK)"},"content":{"rendered":"","protected":false},"excerpt":{"rendered":"<p>G\u1ed7 \u0110\u1ed9c c\u1ea7n b\u1edd T\u00e2y, hay c\u00f2n g\u1ecdi l\u00e0 g\u1ed7 Hemlock, l\u00e0 m\u1ed9t lo\u1ea1i g\u1ed7 m\u1ec1m ph\u1ed5 bi\u1ebfn t\u1ea1i Canada, \u0111\u1eb7c bi\u1ec7t \u1edf t\u1ec9nh bang British Columbia. G\u1ed7 n\u00e0y \u0111\u01b0\u1ee3c \u0111\u00e1nh gi\u00e1 cao trong ng\u00e0nh s\u1ea3n xu\u1ea5t n\u1ed9i th\u1ea5t v\u00e0 x\u00e2y d\u1ef1ng nh\u1edd nh\u1eefng \u0111\u1eb7c t\u00ednh n\u1ed5i b\u1eadt sau:<\/p>\n<ul>\n<li>T\u00e2m g\u1ed7 c\u00f3 m\u00e0u n\u00e2u \u0111\u1ecf nh\u1ea1t, m\u00e0u d\u00e1t g\u1ed7 c\u00f3 th\u1ec3 nh\u1ea1t h\u01a1n nh\u01b0ng v\u1eabn r\u1ea5t kh\u00f3 \u0111\u1ec3 ph\u00e2n bi\u1ec7t v\u1edbi t\u00e2m g\u1ed7.<\/li>\n<li>V\u00e2n g\u1ed7 \u0111\u01b0\u1ee3c t\u1ea1o ra t\u1eeb c\u00e1c v\u00f2ng sinh tr\u01b0\u1edfng n\u00ean kh\u00e1 \u0111\u1eb9p tr\u00ean b\u1ec1 m\u1eb7t x\u1ebb, b\u1ec1 m\u1eb7t g\u1ed7 th\u00ec nh\u1eb5n m\u1ecbn.<\/li>\n<li>G\u1ed7 Hemlock kh\u00f4 kh\u00f4ng ch\u1ee9a nh\u1ef1a v\u00e0 m\u00f9i g\u1ed7 n\u00ean gia c\u00f4ng c\u1ef1c t\u1ed1t.<\/li>\n<li>T\u1ea9m s\u1ea5y \u0111\u1ec1u g\u1ed7 Hemlock trong l\u00f2 s\u1ebd l\u00e0m t\u0103ng kh\u1ea3 n\u0103ng ch\u1ecbu l\u1ef1c, \u0111\u1ed9 c\u1ee9ng v\u00e0 kh\u1ea3 n\u0103ng kh\u00e1ng s\u00e2u b\u1ecd, m\u1ee5c n\u00e1t.<\/li>\n<\/ul>\n<p>&nbsp;<\/p>\n<p><img decoding=\"async\" loading=\"lazy\" class=\"alignnone  wp-image-1068\" src=\"\/wp-content\/uploads\/2025\/03\/dac-diem-go_7af870b4d32743dea0d5b7839fc1391d_grande-1.webp\" alt=\"\" width=\"588\" height=\"142\" \/><\/p>\n<p>&nbsp;<\/p>\n<ul>\n<li>\u0110\u1ed9 b\u1ec1n v\u00e0 kh\u1ea3 n\u0103ng ch\u1ecbu l\u1ef1c cao: G\u1ed7 Hemlock c\u00f3 \u0111\u1ed9 b\u1ec1n ch\u1eafc, ph\u00f9 h\u1ee3p cho c\u00e1c \u1ee9ng d\u1ee5ng c\u1ea7n ch\u1ecbu l\u1ef1c.<\/li>\n<li>D\u1ec5 gia c\u00f4ng: G\u1ed7 d\u1ec5 d\u00e0ng trong vi\u1ec7c c\u01b0a, b\u00e0o, ch\u00e0 nh\u00e1m v\u00e0 \u0111\u1ecbnh h\u00ecnh, gi\u00fap qu\u00e1 tr\u00ecnh s\u1ea3n xu\u1ea5t tr\u1edf n\u00ean hi\u1ec7u qu\u1ea3 h\u01a1n<\/li>\n<li>Kh\u1ea3 n\u0103ng ho\u00e0n thi\u1ec7n b\u1ec1 m\u1eb7t t\u1ed1t: G\u1ed7 Hemlock c\u00f3 kh\u1ea3 n\u0103ng \u0103n m\u00e0u v\u00e0 s\u01a1n t\u1ed1t, t\u1ea1o ra b\u1ec1 m\u1eb7t m\u1ecbn m\u00e0ng v\u00e0 th\u1ea9m m\u1ef9<\/li>\n<li>Kh\u00f4ng ch\u1ee9a nh\u1ef1a c\u00e2y: \u0110i\u1ec1u n\u00e0y gi\u00fap g\u1ed7 kh\u00f4ng b\u1ecb bi\u1ebfn m\u00e0u theo th\u1eddi gian v\u00e0 duy tr\u00ec \u0111\u01b0\u1ee3c v\u1ebb \u0111\u1eb9p t\u1ef1 nhi\u00ean. V\u1edbi nh\u1eefng \u0111\u1eb7c t\u00ednh tr\u00ean, g\u1ed7 \u0110\u1ed9c c\u1ea7n b\u1edd T\u00e2y th\u01b0\u1eddng \u0111\u01b0\u1ee3c s\u1eed d\u1ee5ng trong:<\/li>\n<li>S\u1ea3n xu\u1ea5t \u0111\u1ed3 n\u1ed9i th\u1ea5t: Nh\u1edd m\u00e0u s\u1eafc s\u00e1ng v\u00e0 v\u00e2n g\u1ed7 \u0111\u1eb9p, g\u1ed7 Hemlock l\u00e0 l\u1ef1a ch\u1ecdn l\u00fd t\u01b0\u1edfng cho c\u00e1c s\u1ea3n ph\u1ea9m n\u1ed9i th\u1ea5t nh\u01b0 b\u00e0n, gh\u1ebf, t\u1ee7<\/li>\n<li>C\u1eeda ra v\u00e0o v\u00e0 c\u1eeda s\u1ed5: \u0110\u1ed9 b\u1ec1n v\u00e0 kh\u1ea3 n\u0103ng ch\u1ecbu l\u1ef1c c\u1ee7a g\u1ed7 ph\u00f9 h\u1ee3p cho vi\u1ec7c ch\u1ebf t\u00e1c c\u1eeda v\u00e0 khung c\u1eeda.<\/li>\n<li>\u1ed0p tr\u1ea7n v\u00e0 t\u01b0\u1eddng n\u1ed9i th\u1ea5t: G\u1ed7 Hemlock mang l\u1ea1i v\u1ebb \u0111\u1eb9p sang tr\u1ecdng cho kh\u00f4ng gian n\u1ed9i th\u1ea5t.<\/li>\n<li>Ph\u00f2ng x\u00f4ng h\u01a1i: Nh\u1edd \u0111\u1eb7c t\u00ednh kh\u00f4ng ch\u1ee9a nh\u1ef1a v\u00e0 kh\u1ea3 n\u0103ng ch\u1ecbu nhi\u1ec7t t\u1ed1t, g\u1ed7 Hemlock th\u01b0\u1eddng \u0111\u01b0\u1ee3c s\u1eed d\u1ee5ng trong vi\u1ec7c l\u00e0m ph\u00f2ng x\u00f4ng h\u01a1i h\u1ed3ng ngo\u1ea1i.<\/li>\n<\/ul>\n<p><img decoding=\"async\" loading=\"lazy\" class=\"alignnone size-full wp-image-1069\" src=\"\/wp-content\/uploads\/2025\/03\/hemlock2.jpg\" alt=\"\" width=\"652\" height=\"489\" \/><\/p>\n<p>&nbsp;<\/p>\n<p>Ngo\u00e0i ra, g\u1ed7 Hemlock c\u00f2n \u0111\u01b0\u1ee3c s\u1eed d\u1ee5ng trong x\u00e2y d\u1ef1ng t\u1ed5ng h\u1ee3p, l\u00e0m l\u1edbp l\u00f3t m\u00e1i nh\u00e0 v\u00e0 v\u00e1n \u00e9p. Vi\u1ec7c s\u1eed d\u1ee5ng g\u1ed7 Hemlock kh\u00f4ng ch\u1ec9 mang l\u1ea1i hi\u1ec7u qu\u1ea3 kinh t\u1ebf m\u00e0 c\u00f2n \u0111\u1ea3m b\u1ea3o t\u00ednh b\u1ec1n v\u1eefng v\u00e0 th\u00e2n thi\u1ec7n v\u1edbi m\u00f4i tr\u01b0\u1eddng, do ngu\u1ed3n g\u1ed7 \u0111\u01b0\u1ee3c khai th\u00e1c t\u1eeb c\u00e1c khu r\u1eebng \u0111\u01b0\u1ee3c qu\u1ea3n l\u00fd b\u1ec1n v\u1eefng t\u1ea1i Canada.<\/p>\n<p>N\u1ebfu qu\u00fd kh\u00e1ch \u0111ang c\u00f3 nhu c\u1ea7u mua\u00a0g\u1ed7 Hemlock\u00a0gi\u00e1 t\u1ed1t, ch\u1ea5t l\u01b0\u1ee3ng th\u00ec h\u00e3y li\u00ean h\u1ec7 tr\u1ef1c ti\u1ebfp v\u1edbi G\u1ed7 Vi\u1ec7t M\u1ef9 qua s\u1ed1 hotline \u0111\u1ec3 nh\u1eadn t\u01b0 v\u1ea5n th\u00f4ng tin chi ti\u1ebft<\/p>\n","protected":false},"featured_media":1065,"comment_status":"open","ping_status":"closed","template":"","meta":[],"_links":{"self":[{"href":"\/index.php?rest_route=\/wp\/v2\/product\/1062"}],"collection":[{"href":"\/index.php?rest_route=\/wp\/v2\/product"}],"about":[{"href":"\/index.php?rest_route=\/wp\/v2\/types\/product"}],"replies":[{"embeddable":true,"href":"\/index.php?rest_route=%2Fwp%2Fv2%2Fcomments&post=1062"}],"wp:featuredmedia":[{"embeddable":true,"href":"\/index.php?rest_route=\/wp\/v2\/media\/1065"}],"wp:attachment":[{"href":"\/index.php?rest_route=%2Fwp%2Fv2%2Fmedia&parent=1062"}],"curies":[{"name":"wp","href":"https:\/\/api.w.org\/{rel}","templated":true}]}}