  {"id":1071,"date":"2025-04-01T10:19:48","date_gmt":"2025-04-01T03:19:48","guid":{"rendered":"\/?post_type=product&#038;p=1071"},"modified":"2025-04-01T10:39:04","modified_gmt":"2025-04-01T03:39:04","slug":"go-soi-do-red-oak","status":"publish","type":"product","link":"\/?product=go-soi-do-red-oak","title":{"rendered":"G\u1ed6 S\u1ed2I \u0110\u1ece (RED OAK)"},"content":{"rendered":"","protected":false},"excerpt":{"rendered":"<p>&nbsp;<\/p>\n<ol>\n<li><strong>\u00a0\u0110\u1eb7c \u0111i\u1ec3m chung:<\/strong><\/li>\n<\/ol>\n<ul>\n<li><strong>T\u00ean khoa h\u1ecdc<\/strong>: <em>Quercus rubra<\/em><\/li>\n<li><strong>Xu\u1ea5t x\u1ee9:<\/strong> Ch\u1ee7 y\u1ebfu t\u1eeb Hoa K\u1ef3 v\u00e0 Canada, ph\u00e2n b\u1ed1 nhi\u1ec1u \u1edf v\u00f9ng \u0110\u00f4ng B\u1eafc v\u00e0 Trung T\u00e2y n\u01b0\u1edbc M\u1ef9.<\/li>\n<li><strong>M\u00e0u s\u1eafc<\/strong>: M\u00e0u n\u00e2u h\u1ed3ng \u0111\u1ebfn \u0111\u1ecf nh\u1ea1t, c\u00e0ng s\u1eed d\u1ee5ng l\u00e2u c\u00e0ng s\u1eabm m\u00e0u.<\/li>\n<li><strong>V\u00e2n g\u1ed7<\/strong>: V\u00e2n th\u1eb3ng, to v\u00e0 r\u00f5 n\u00e9t, c\u00f3 \u0111\u1ed9 x\u1ed1p cao h\u01a1n so v\u1edbi g\u1ed7 s\u1ed3i tr\u1eafng.<\/li>\n<\/ul>\n<ul>\n<li><strong>\u0110\u1ed9 c\u1ee9ng<\/strong>: Kho\u1ea3ng 1.220 lbf (theo thang \u0111o Janka), th\u1ea5p h\u01a1n s\u1ed3i tr\u1eafng nh\u01b0ng v\u1eabn \u0111\u01b0\u1ee3c coi l\u00e0 g\u1ed7 c\u1ee9ng t\u1ed1t.<\/li>\n<\/ul>\n<ul>\n<li><strong>Kh\u1ea3 n\u0103ng ch\u1ecbu l\u1ef1c<\/strong>: T\u1ed1t, c\u00f3 \u0111\u1ed9 b\u1ec1n kh\u00e1 cao nh\u01b0ng k\u00e9m h\u01a1n g\u1ed7 s\u1ed3i tr\u1eafng.<\/li>\n<li><strong>Tr\u1ecdng l\u01b0\u1ee3ng<\/strong>: Trung b\u00ecnh kho\u1ea3ng 700-770 kg\/m\u00b3 khi kh\u00f4 .Nh\u1eb9 h\u01a1n s\u1ed3i tr\u1eafng m\u1ed9t ch\u00fat, d\u1ec5 d\u00e0ng gia c\u00f4ng.<\/li>\n<li><strong>Kh\u1ea3 n\u0103ng ch\u1ed1ng n\u01b0\u1edbc:<\/strong> K\u00e9m h\u01a1n s\u1ed3i tr\u1eafng, kh\u00f4ng th\u00edch h\u1ee3p s\u1eed d\u1ee5ng ngo\u00e0i tr\u1eddi n\u1ebfu kh\u00f4ng x\u1eed l\u00fd ch\u1ed1ng \u1ea9m.<\/li>\n<li><strong>M\u00f9i h\u01b0\u01a1ng:<\/strong> Nh\u1eb9, kh\u00f4ng c\u00f3 m\u00f9i kh\u00f3 ch\u1ecbu nh\u01b0 m\u1ed9t s\u1ed1 lo\u1ea1i g\u1ed7 kh\u00e1c\u00a0 \u00a0 <img decoding=\"async\" loading=\"lazy\" class=\"size-full wp-image-1073 aligncenter\" src=\"\/wp-content\/uploads\/2025\/04\/z6414419343070_b32d0de0fc162cfab3be96118e1e0faf.jpg\" alt=\"\" width=\"900\" height=\"1200\" srcset=\"\/wp-content\/uploads\/2025\/04\/z6414419343070_b32d0de0fc162cfab3be96118e1e0faf.jpg 900w, \/wp-content\/uploads\/2025\/04\/z6414419343070_b32d0de0fc162cfab3be96118e1e0faf-578x770.jpg 578w, \/wp-content\/uploads\/2025\/04\/z6414419343070_b32d0de0fc162cfab3be96118e1e0faf-768x1024.jpg 768w\" sizes=\"(max-width: 900px) 100vw, 900px\" \/><\/li>\n<\/ul>\n<p><img decoding=\"async\" loading=\"lazy\" class=\"size-full wp-image-1074 aligncenter\" src=\"\/wp-content\/uploads\/2025\/04\/z6414419374668_d8c025e3ea564ea5d22122f6feb8485c.jpg\" alt=\"\" width=\"904\" height=\"1200\" srcset=\"\/wp-content\/uploads\/2025\/04\/z6414419374668_d8c025e3ea564ea5d22122f6feb8485c.jpg 904w, \/wp-content\/uploads\/2025\/04\/z6414419374668_d8c025e3ea564ea5d22122f6feb8485c-580x770.jpg 580w, \/wp-content\/uploads\/2025\/04\/z6414419374668_d8c025e3ea564ea5d22122f6feb8485c-768x1019.jpg 768w\" sizes=\"(max-width: 904px) 100vw, 904px\" \/><\/p>\n<ol start=\"2\">\n<li><strong> \u01afu \u0111i\u1ec3m:<\/strong><\/li>\n<\/ol>\n<ul>\n<li>D\u1ec5 gia c\u00f4ng, C\u1eaft, b\u00e0o, ch\u00e0 nh\u00e1m, s\u01a1n v\u00e0 nhu\u1ed9m m\u00e0u t\u1ed1t, b\u00e1m s\u01a1n, b\u00e1m keo t\u1ed1t.<\/li>\n<li>B\u00e1m keo, b\u00e1m \u0111inh v\u00edt t\u1ed1t: Ph\u00f9 h\u1ee3p l\u00e0m \u0111\u1ed3 n\u1ed9i th\u1ea5t gh\u00e9p thanh, d\u00e1n veneer<\/li>\n<li>Gi\u00e1 th\u00e0nh r\u1ebb h\u01a1n so v\u1edbi s\u1ed3i tr\u1eafng, ph\u00f9 h\u1ee3p v\u1edbi nhi\u1ec1u ph\u00e2n kh\u00fac n\u1ed9i th\u1ea5t<\/li>\n<li>\u0110\u01b0\u1eddng v\u00e2n \u0111\u1eb9p, c\u00e1c \u0111\u01b0\u1eddng v\u00e2n to, th\u1eb3ng, d\u1ec5 t\u1ea1o hi\u1ec7u \u1ee9ng sang tr\u1ecdng khi s\u01a1n PU ho\u1eb7c d\u1ea7u lau ph\u00f9 h\u1ee3p v\u1edbi n\u1ed9i th\u1ea5t hi\u1ec7n \u0111\u1ea1i v\u00e0 c\u1ed5 \u0111i\u1ec3n.<\/li>\n<li>C\u00f3 kh\u1ea3 n\u0103ng ch\u1ecbu l\u1ef1c t\u1ed1t, \u0111\u1ed9 b\u1ec1n cao khi s\u1eed d\u1ee5ng trong m\u00f4i tr\u01b0\u1eddng kh\u00f4 r\u00e1o.<\/li>\n<li>\u0110\u1ed9 c\u1ee9ng kh\u00e1 t\u1ed1t: B\u1ec1n b\u1ec9, ch\u1ecbu l\u1ef1c kh\u00e1, d\u00f9ng t\u1ed1t trong n\u1ed9i th\u1ea5t nh\u00e0 \u1edf.<\/li>\n<\/ul>\n<ol start=\"3\">\n<li><strong> Nh\u01b0\u1ee3c \u0111i\u1ec3m:<\/strong><\/li>\n<\/ol>\n<ul>\n<li>Kh\u00f4ng ph\u00f9 h\u1ee3p cho c\u00e1c \u1ee9ng d\u1ee5ng ngo\u00e0i tr\u1eddi m\u00e0 kh\u00f4ng c\u00f3 l\u1edbp b\u1ea3o v\u1ec7.<\/li>\n<li>Kh\u1ea3 n\u0103ng ch\u1ed1ng n\u01b0\u1edbc k\u00e9m: So v\u1edbi s\u1ed3i tr\u1eafng, s\u1ed3i \u0111\u1ecf c\u00f3 c\u1ea5u tr\u00fac mao m\u1ea1ch l\u1edbn h\u01a1n n\u00ean d\u1ec5 th\u1ea5m n\u01b0\u1edbc, kh\u00f4ng ph\u00f9 h\u1ee3p v\u1edbi m\u00f4i tr\u01b0\u1eddng \u1ea9m \u01b0\u1edbt.<\/li>\n<\/ul>\n<ol start=\"4\">\n<li><strong> \u1ee8ng d\u1ee5ng:<\/strong><\/li>\n<\/ol>\n<ul>\n<li>L\u00e0m \u0111\u1ed3 n\u1ed9i th\u1ea5t: b\u00e0n, gh\u1ebf, t\u1ee7, gi\u01b0\u1eddng, k\u1ec7 s\u00e1ch, t\u1ee7 b\u1ebfp, s\u00e0n g\u1ed7\u2026<\/li>\n<li>Trang tr\u00ed n\u1ed9i th\u1ea5t: v\u00e1n \u1ed1p t\u01b0\u1eddng, tr\u1ea7n nh\u00e0 mang l\u1ea1i v\u1ebb \u0111\u1eb9p \u1ea5m c\u00fang, sang tr\u1ecdng<\/li>\n<li>Ch\u1ebf t\u00e1c c\u1eeda g\u1ed7, c\u1ea7u thang, tay v\u1ecbn, dung trong nh\u00e0, ko th\u00edch h\u1ee3p dung ngo\u00e0i tr\u1eddi<\/li>\n<li>S\u1eed d\u1ee5ng trong s\u1ea3n xu\u1ea5t g\u1ed7 gh\u00e9p thanh, v\u00e1n \u00e9p, c\u1eeda g\u1ed7 c\u00f4ng nghi\u1ec7p<\/li>\n<\/ul>\n<p><img decoding=\"async\" loading=\"lazy\" class=\"size-full wp-image-1075 aligncenter\" src=\"\/wp-content\/uploads\/2025\/04\/z6414419360788_e0777a47dc9400599b1dbd0639b6c6e7.jpg\" alt=\"\" width=\"900\" height=\"1200\" srcset=\"\/wp-content\/uploads\/2025\/04\/z6414419360788_e0777a47dc9400599b1dbd0639b6c6e7.jpg 900w, \/wp-content\/uploads\/2025\/04\/z6414419360788_e0777a47dc9400599b1dbd0639b6c6e7-578x770.jpg 578w, \/wp-content\/uploads\/2025\/04\/z6414419360788_e0777a47dc9400599b1dbd0639b6c6e7-768x1024.jpg 768w\" sizes=\"(max-width: 900px) 100vw, 900px\" \/><\/p>\n<p><strong style=\"text-align: center;\">5. So s\u00e1nh v\u1edbi g\u1ed7 s\u1ed3i tr\u1eafng:<\/strong><\/p>\n<table class=\" aligncenter\" style=\"height: 182px;\" width=\"850\">\n<tbody>\n<tr>\n<td style=\"width: 208px;\"><strong>\u0110\u1eb7c \u0111i\u1ec3m<\/strong><\/td>\n<td style=\"width: 208px;\"><strong>G\u1ed7 s\u1ed3i \u0111\u1ecf<\/strong><\/td>\n<td style=\"width: 208px;\"><strong>G\u1ed7 s\u1ed3i tr\u1eafng<\/strong><\/td>\n<\/tr>\n<tr>\n<td style=\"width: 208px;\">M\u00e0u s\u1eafc<\/td>\n<td style=\"width: 208px;\">H\u1ed3ng nh\u1ea1t \u0111\u1ebfn \u0111\u1ecf<\/td>\n<td style=\"width: 208px;\">V\u00e0ng nh\u1ea1t \u0111\u1ebfn n\u00e2u s\u1eadm<\/td>\n<\/tr>\n<tr>\n<td style=\"width: 208px;\">\u0110\u1ed9 c\u1ee9ng<\/td>\n<td style=\"width: 208px;\">1.220 lbf<\/td>\n<td style=\"width: 208px;\">1.350 lbf<\/td>\n<\/tr>\n<tr>\n<td style=\"width: 208px;\">Ch\u1ed1ng n\u01b0\u1edbc<\/td>\n<td style=\"width: 208px;\">K\u00e9m h\u01a1n<\/td>\n<td style=\"width: 208px;\">T\u1ed1t h\u01a1n<\/td>\n<\/tr>\n<tr>\n<td style=\"width: 208px;\">Gi\u00e1 th\u00e0nh<\/td>\n<td style=\"width: 208px;\">R\u1ebb h\u01a1n<\/td>\n<td style=\"width: 208px;\">Cao h\u01a1n<\/td>\n<\/tr>\n<tr>\n<td style=\"width: 208px;\">\u1ee8ng d\u1ee5ng<\/td>\n<td style=\"width: 208px;\">N\u1ed9i th\u1ea5t trong nh\u00e0<\/td>\n<td style=\"width: 208px;\">N\u1ed9i th\u1ea5t, ngo\u1ea1i th\u1ea5t<\/td>\n<\/tr>\n<\/tbody>\n<\/table>\n<p style=\"text-align: center;\"><img decoding=\"async\" loading=\"lazy\" class=\"alignnone size-full wp-image-1076\" src=\"\/wp-content\/uploads\/2025\/04\/soi-do.jpg\" alt=\"\" width=\"840\" height=\"503\" srcset=\"\/wp-content\/uploads\/2025\/04\/soi-do.jpg 840w, \/wp-content\/uploads\/2025\/04\/soi-do-770x461.jpg 770w, \/wp-content\/uploads\/2025\/04\/soi-do-768x460.jpg 768w\" sizes=\"(max-width: 840px) 100vw, 840px\" \/><\/p>\n<p>G\u1ed7 s\u1ed3i \u0111\u1ecf l\u00e0 m\u1ed9t l\u1ef1a ch\u1ecdn ph\u1ed5 bi\u1ebfn trong ng\u00e0nh n\u1ed9i th\u1ea5t v\u00ec gi\u00e1 th\u00e0nh h\u1ee3p l\u00fd v\u00e0 v\u1ebb \u0111\u1eb9p t\u1ef1 nhi\u00ean. Tuy nhi\u00ean, n\u1ebfu c\u1ea7n s\u1eed d\u1ee5ng cho m\u00f4i tr\u01b0\u1eddng \u1ea9m ho\u1eb7c ngo\u00e0i tr\u1eddi, c\u1ea7n x\u1eed l\u00fd ch\u1ed1ng th\u1ea5m k\u1ef9 l\u01b0\u1ee1ng.<\/p>\n<p>N\u1ebfu qu\u00fd kh\u00e1ch \u0111ang c\u00f3 nhu c\u1ea7u mua\u00a0<strong>g\u1ed7 s\u1ed3i \u0111\u1ecf<\/strong> gi\u00e1 t\u1ed1t, ch\u1ea5t l\u01b0\u1ee3ng v\u1edbi \u0111\u1ea7y \u0111\u1ee7 quy c\u00e1ch th\u00ec h\u00e3y li\u00ean h\u1ec7 tr\u1ef1c ti\u1ebfp v\u1edbi G\u1ed7 Vi\u1ec7t M\u1ef9 qua s\u1ed1 hotline \u0111\u1ec3 nh\u1eadn t\u01b0 v\u1ea5n th\u00f4ng tin chi ti\u1ebft.<\/p>\n","protected":false},"featured_media":1072,"comment_status":"open","ping_status":"closed","template":"","meta":[],"_links":{"self":[{"href":"\/index.php?rest_route=\/wp\/v2\/product\/1071"}],"collection":[{"href":"\/index.php?rest_route=\/wp\/v2\/product"}],"about":[{"href":"\/index.php?rest_route=\/wp\/v2\/types\/product"}],"replies":[{"embeddable":true,"href":"\/index.php?rest_route=%2Fwp%2Fv2%2Fcomments&post=1071"}],"wp:featuredmedia":[{"embeddable":true,"href":"\/index.php?rest_route=\/wp\/v2\/media\/1072"}],"wp:attachment":[{"href":"\/index.php?rest_route=%2Fwp%2Fv2%2Fmedia&parent=1071"}],"curies":[{"name":"wp","href":"https:\/\/api.w.org\/{rel}","templated":true}]}}